{"id":30,"date":"2025-09-09T15:07:50","date_gmt":"2025-09-09T15:07:50","guid":{"rendered":"https:\/\/transitionquality.webikoo.pro\/?page_id=30"},"modified":"2025-09-25T07:21:45","modified_gmt":"2025-09-25T07:21:45","slug":"contact-us","status":"publish","type":"page","link":"https:\/\/transitionquality.com\/fr\/contact-us\/","title":{"rendered":"Contact"},"content":{"rendered":"<div data-elementor-type=\"wp-page\" data-elementor-id=\"30\" class=\"elementor elementor-30\">\n\t\t\t\t<div class=\"elementor-element elementor-element-3c0a714 e-flex e-con-boxed e-con e-parent\" data-id=\"3c0a714\" data-element_type=\"container\" data-e-type=\"container\" data-settings=\"{&quot;background_background&quot;:&quot;classic&quot;}\">\n\t\t\t\t\t<div class=\"e-con-inner\">\n\t\t<div class=\"elementor-element elementor-element-9b498b1 e-con-full e-flex e-con e-child\" data-id=\"9b498b1\" data-element_type=\"container\" data-e-type=\"container\">\n\t\t\t\t<div class=\"elementor-element elementor-element-0192b6a elementor-invisible elementor-widget elementor-widget-heading\" data-id=\"0192b6a\" data-element_type=\"widget\" data-e-type=\"widget\" data-settings=\"{&quot;_animation&quot;:&quot;fadeInDown&quot;,&quot;_animation_mobile&quot;:&quot;fadeInUp&quot;}\" data-widget_type=\"heading.default\">\n\t\t\t\t\t<h1 class=\"elementor-heading-title elementor-size-default\">transformer votre Management Qualit\u00e9<\/h1>\t\t\t\t<\/div>\n\t\t\t\t<div class=\"elementor-element elementor-element-d11cf76 elementor-invisible elementor-widget elementor-widget-text-editor\" data-id=\"d11cf76\" data-element_type=\"widget\" data-e-type=\"widget\" data-settings=\"{&quot;_animation&quot;:&quot;fadeInUp&quot;}\" data-widget_type=\"text-editor.default\">\n\t\t\t\t\t\t\t\t\t<p class=\"p1\">Nous serons ravis de discuter de la mani\u00e8re dont nous pouvons accompagner votre organisation pour atteindre des am\u00e9liorations de performance durables.<\/p>\t\t\t\t\t\t\t\t<\/div>\n\t\t\t\t<\/div>\n\t\t\t\t\t<\/div>\n\t\t\t\t<\/div>\n\t\t<div class=\"elementor-element elementor-element-9e1cba5 e-flex e-con-boxed e-con e-parent\" data-id=\"9e1cba5\" data-element_type=\"container\" data-e-type=\"container\">\n\t\t\t\t\t<div class=\"e-con-inner\">\n\t\t\t\t<div class=\"elementor-element elementor-element-f9fdbf6 elementor-widget elementor-widget-spacer\" data-id=\"f9fdbf6\" data-element_type=\"widget\" data-e-type=\"widget\" data-widget_type=\"spacer.default\">\n\t\t\t\t\t\t\t<div class=\"elementor-spacer\">\n\t\t\t<div class=\"elementor-spacer-inner\"><\/div>\n\t\t<\/div>\n\t\t\t\t\t\t<\/div>\n\t\t\t\t\t<\/div>\n\t\t\t\t<\/div>\n\t\t<div class=\"elementor-element elementor-element-63072eb e-flex e-con-boxed e-con e-parent\" data-id=\"63072eb\" data-element_type=\"container\" data-e-type=\"container\">\n\t\t\t\t\t<div class=\"e-con-inner\">\n\t\t\t\t<div class=\"elementor-element elementor-element-83e3aab elementor-invisible elementor-widget elementor-widget-heading\" data-id=\"83e3aab\" data-element_type=\"widget\" data-e-type=\"widget\" data-settings=\"{&quot;_animation&quot;:&quot;fadeInDown&quot;}\" data-widget_type=\"heading.default\">\n\t\t\t\t\t<h2 class=\"elementor-heading-title elementor-size-default\">COMMENT \u00c7A FONCTIONNE ?<\/h2>\t\t\t\t<\/div>\n\t\t\t\t<div class=\"elementor-element elementor-element-2cafdf9 elementor-invisible elementor-widget elementor-widget-text-editor\" data-id=\"2cafdf9\" data-element_type=\"widget\" data-e-type=\"widget\" data-settings=\"{&quot;_animation&quot;:&quot;fadeInUp&quot;}\" data-widget_type=\"text-editor.default\">\n\t\t\t\t\t\t\t\t\t<p>Notre approche est claire et pragmatique<\/p>\t\t\t\t\t\t\t\t<\/div>\n\t\t\t\t<div class=\"elementor-element elementor-element-1abc129 elementor-widget elementor-widget-spacer\" data-id=\"1abc129\" data-element_type=\"widget\" data-e-type=\"widget\" data-widget_type=\"spacer.default\">\n\t\t\t\t\t\t\t<div class=\"elementor-spacer\">\n\t\t\t<div class=\"elementor-spacer-inner\"><\/div>\n\t\t<\/div>\n\t\t\t\t\t\t<\/div>\n\t\t<div class=\"elementor-element elementor-element-2307eb1 e-grid e-con-full e-con e-child\" data-id=\"2307eb1\" data-element_type=\"container\" data-e-type=\"container\">\n\t\t<div class=\"elementor-element elementor-element-a4527b5 e-con-full animated-slow e-flex elementor-invisible e-con e-child\" data-id=\"a4527b5\" data-element_type=\"container\" data-e-type=\"container\" data-settings=\"{&quot;background_background&quot;:&quot;classic&quot;,&quot;animation&quot;:&quot;fadeInUp&quot;,&quot;animation_delay&quot;:100}\">\n\t\t\t\t<div class=\"elementor-element elementor-element-89bc2e1 elementor-widget__width-initial elementor-view-default elementor-widget elementor-widget-icon\" data-id=\"89bc2e1\" data-element_type=\"widget\" data-e-type=\"widget\" data-widget_type=\"icon.default\">\n\t\t\t\t\t\t\t<div class=\"elementor-icon-wrapper\">\n\t\t\t<div class=\"elementor-icon\">\n\t\t\t<i aria-hidden=\"true\" class=\"material-icons md-people_outline\"><\/i>\t\t\t<\/div>\n\t\t<\/div>\n\t\t\t\t\t\t<\/div>\n\t\t\t\t<div class=\"elementor-element elementor-element-0382145 elementor-widget elementor-widget-heading\" data-id=\"0382145\" data-element_type=\"widget\" data-e-type=\"widget\" data-widget_type=\"heading.default\">\n\t\t\t\t\t<h4 class=\"elementor-heading-title elementor-size-default\">R\u00e9union de prise de contact<\/h4>\t\t\t\t<\/div>\n\t\t\t\t<\/div>\n\t\t<div class=\"elementor-element elementor-element-b368407 e-con-full animated-slow e-flex elementor-invisible e-con e-child\" data-id=\"b368407\" data-element_type=\"container\" data-e-type=\"container\" data-settings=\"{&quot;background_background&quot;:&quot;classic&quot;,&quot;animation&quot;:&quot;fadeInUp&quot;,&quot;animation_delay&quot;:150}\">\n\t\t\t\t<div class=\"elementor-element elementor-element-0eef717 elementor-widget__width-initial elementor-view-default elementor-widget elementor-widget-icon\" data-id=\"0eef717\" data-element_type=\"widget\" data-e-type=\"widget\" data-widget_type=\"icon.default\">\n\t\t\t\t\t\t\t<div class=\"elementor-icon-wrapper\">\n\t\t\t<div class=\"elementor-icon\">\n\t\t\t<i aria-hidden=\"true\" class=\"phl phlight-note-pencil\"><\/i>\t\t\t<\/div>\n\t\t<\/div>\n\t\t\t\t\t\t<\/div>\n\t\t\t\t<div class=\"elementor-element elementor-element-8ba8706 elementor-widget elementor-widget-heading\" data-id=\"8ba8706\" data-element_type=\"widget\" data-e-type=\"widget\" data-widget_type=\"heading.default\">\n\t\t\t\t\t<h4 class=\"elementor-heading-title elementor-size-default\">Alignement sur le contrat<\/h4>\t\t\t\t<\/div>\n\t\t\t\t<\/div>\n\t\t<div class=\"elementor-element elementor-element-3c444b7 e-con-full animated-slow e-flex elementor-invisible e-con e-child\" data-id=\"3c444b7\" data-element_type=\"container\" data-e-type=\"container\" data-settings=\"{&quot;background_background&quot;:&quot;classic&quot;,&quot;animation&quot;:&quot;fadeInUp&quot;,&quot;animation_delay&quot;:200}\">\n\t\t\t\t<div class=\"elementor-element elementor-element-3caf871 elementor-widget__width-initial elementor-view-default elementor-widget elementor-widget-icon\" data-id=\"3caf871\" data-element_type=\"widget\" data-e-type=\"widget\" data-widget_type=\"icon.default\">\n\t\t\t\t\t\t\t<div class=\"elementor-icon-wrapper\">\n\t\t\t<div class=\"elementor-icon\">\n\t\t\t<i aria-hidden=\"true\" class=\"phl phlight-flag-banner-fold\"><\/i>\t\t\t<\/div>\n\t\t<\/div>\n\t\t\t\t\t\t<\/div>\n\t\t\t\t<div class=\"elementor-element elementor-element-3e50547 elementor-widget elementor-widget-heading\" data-id=\"3e50547\" data-element_type=\"widget\" data-e-type=\"widget\" data-widget_type=\"heading.default\">\n\t\t\t\t\t<h4 class=\"elementor-heading-title elementor-size-default\">Lancement de la mission<\/h4>\t\t\t\t<\/div>\n\t\t\t\t<\/div>\n\t\t<div class=\"elementor-element elementor-element-f03061e e-con-full animated-slow e-flex elementor-invisible e-con e-child\" data-id=\"f03061e\" data-element_type=\"container\" data-e-type=\"container\" data-settings=\"{&quot;background_background&quot;:&quot;classic&quot;,&quot;animation&quot;:&quot;fadeInUp&quot;,&quot;animation_delay&quot;:250}\">\n\t\t\t\t<div class=\"elementor-element elementor-element-cd6b500 elementor-widget__width-initial elementor-view-default elementor-widget elementor-widget-icon\" data-id=\"cd6b500\" data-element_type=\"widget\" data-e-type=\"widget\" data-widget_type=\"icon.default\">\n\t\t\t\t\t\t\t<div class=\"elementor-icon-wrapper\">\n\t\t\t<div class=\"elementor-icon\">\n\t\t\t<i aria-hidden=\"true\" class=\"phl phlight-game-controller\"><\/i>\t\t\t<\/div>\n\t\t<\/div>\n\t\t\t\t\t\t<\/div>\n\t\t\t\t<div class=\"elementor-element elementor-element-9d7dab4 elementor-widget elementor-widget-heading\" data-id=\"9d7dab4\" data-element_type=\"widget\" data-e-type=\"widget\" data-widget_type=\"heading.default\">\n\t\t\t\t\t<h4 class=\"elementor-heading-title elementor-size-default\">Ex\u00e9cution &amp;<br>Suivi<\/h4>\t\t\t\t<\/div>\n\t\t\t\t<\/div>\n\t\t<div class=\"elementor-element elementor-element-4b77ba3 e-con-full animated-slow e-flex elementor-invisible e-con e-child\" data-id=\"4b77ba3\" data-element_type=\"container\" data-e-type=\"container\" data-settings=\"{&quot;background_background&quot;:&quot;classic&quot;,&quot;animation&quot;:&quot;fadeInUp&quot;,&quot;animation_delay&quot;:300}\">\n\t\t\t\t<div class=\"elementor-element elementor-element-d8e2781 elementor-widget__width-initial elementor-view-default elementor-widget elementor-widget-icon\" data-id=\"d8e2781\" data-element_type=\"widget\" data-e-type=\"widget\" data-widget_type=\"icon.default\">\n\t\t\t\t\t\t\t<div class=\"elementor-icon-wrapper\">\n\t\t\t<div class=\"elementor-icon\">\n\t\t\t<i aria-hidden=\"true\" class=\"xlwpf wppb-font-bar-chart\"><\/i>\t\t\t<\/div>\n\t\t<\/div>\n\t\t\t\t\t\t<\/div>\n\t\t\t\t<div class=\"elementor-element elementor-element-94431a0 elementor-widget elementor-widget-heading\" data-id=\"94431a0\" data-element_type=\"widget\" data-e-type=\"widget\" data-widget_type=\"heading.default\">\n\t\t\t\t\t<h4 class=\"elementor-heading-title elementor-size-default\">Revues<br>d\u2019avancement<span><\/span><\/h4>\t\t\t\t<\/div>\n\t\t\t\t<\/div>\n\t\t<div class=\"elementor-element elementor-element-f438ed7 e-con-full animated-slow e-flex elementor-invisible e-con e-child\" data-id=\"f438ed7\" data-element_type=\"container\" data-e-type=\"container\" data-settings=\"{&quot;background_background&quot;:&quot;classic&quot;,&quot;animation&quot;:&quot;fadeInUp&quot;,&quot;animation_delay&quot;:350}\">\n\t\t\t\t<div class=\"elementor-element elementor-element-a170bd8 elementor-widget__width-initial elementor-view-default elementor-widget elementor-widget-icon\" data-id=\"a170bd8\" data-element_type=\"widget\" data-e-type=\"widget\" data-widget_type=\"icon.default\">\n\t\t\t\t\t\t\t<div class=\"elementor-icon-wrapper\">\n\t\t\t<div class=\"elementor-icon\">\n\t\t\t<i aria-hidden=\"true\" class=\"phl phlight-arrows-counter-clockwise\"><\/i>\t\t\t<\/div>\n\t\t<\/div>\n\t\t\t\t\t\t<\/div>\n\t\t\t\t<div class=\"elementor-element elementor-element-af1161f elementor-widget elementor-widget-heading\" data-id=\"af1161f\" data-element_type=\"widget\" data-e-type=\"widget\" data-widget_type=\"heading.default\">\n\t\t\t\t\t<h4 class=\"elementor-heading-title elementor-size-default\">Livraison &amp;<br>Transition<\/h4>\t\t\t\t<\/div>\n\t\t\t\t<\/div>\n\t\t\t\t<\/div>\n\t\t\t\t\t<\/div>\n\t\t\t\t<\/div>\n\t\t<div class=\"elementor-element elementor-element-c0f7299 e-flex e-con-boxed e-con e-parent\" data-id=\"c0f7299\" data-element_type=\"container\" data-e-type=\"container\">\n\t\t\t\t\t<div class=\"e-con-inner\">\n\t\t\t\t<div class=\"elementor-element elementor-element-7ddc13a elementor-widget elementor-widget-spacer\" data-id=\"7ddc13a\" data-element_type=\"widget\" data-e-type=\"widget\" data-widget_type=\"spacer.default\">\n\t\t\t\t\t\t\t<div class=\"elementor-spacer\">\n\t\t\t<div class=\"elementor-spacer-inner\"><\/div>\n\t\t<\/div>\n\t\t\t\t\t\t<\/div>\n\t\t\t\t\t<\/div>\n\t\t\t\t<\/div>\n\t\t<div class=\"elementor-element elementor-element-cfb7a75 e-grid e-con-boxed e-con e-parent\" data-id=\"cfb7a75\" data-element_type=\"container\" data-e-type=\"container\">\n\t\t\t\t\t<div class=\"e-con-inner\">\n\t\t<div class=\"elementor-element elementor-element-8e6c397 e-con-full e-flex e-con e-child\" data-id=\"8e6c397\" data-element_type=\"container\" data-e-type=\"container\" data-settings=\"{&quot;background_background&quot;:&quot;classic&quot;}\">\n\t\t<div class=\"elementor-element elementor-element-8fa0c49 e-con-full e-flex e-con e-child\" data-id=\"8fa0c49\" data-element_type=\"container\" data-e-type=\"container\">\n\t\t\t\t<div class=\"elementor-element elementor-element-b603ec0 elementor-shape-circle elementor-grid-0 e-grid-align-center elementor-invisible elementor-widget elementor-widget-social-icons\" data-id=\"b603ec0\" data-element_type=\"widget\" data-e-type=\"widget\" data-settings=\"{&quot;_animation&quot;:&quot;fadeInDown&quot;}\" data-widget_type=\"social-icons.default\">\n\t\t\t\t\t\t\t<div class=\"elementor-social-icons-wrapper elementor-grid\" role=\"list\">\n\t\t\t\t\t\t\t<span class=\"elementor-grid-item\" role=\"listitem\">\n\t\t\t\t\t<a class=\"elementor-icon elementor-social-icon elementor-social-icon-linkedin elementor-repeater-item-955c5f2\" href=\"https:\/\/www.linkedin.com\/in\/ibrahima80\/\" target=\"_blank\">\n\t\t\t\t\t\t<span class=\"elementor-screen-only\">Linkedin<\/span>\n\t\t\t\t\t\t<svg aria-hidden=\"true\" class=\"e-font-icon-svg e-fab-linkedin\" viewbox=\"0 0 448 512\" xmlns=\"http:\/\/www.w3.org\/2000\/svg\"><path d=\"M416 32H31.9C14.3 32 0 46.5 0 64.3v383.4C0 465.5 14.3 480 31.9 480H416c17.6 0 32-14.5 32-32.3V64.3c0-17.8-14.4-32.3-32-32.3zM135.4 416H69V202.2h66.5V416zm-33.2-243c-21.3 0-38.5-17.3-38.5-38.5S80.9 96 102.2 96c21.2 0 38.5 17.3 38.5 38.5 0 21.3-17.2 38.5-38.5 38.5zm282.1 243h-66.4V312c0-24.8-.5-56.7-34.5-56.7-34.6 0-39.9 27-39.9 54.9V416h-66.4V202.2h63.7v29.2h.9c8.9-16.8 30.6-34.5 62.9-34.5 67.2 0 79.7 44.3 79.7 101.9V416z\"><\/path><\/svg>\t\t\t\t\t<\/a>\n\t\t\t\t<\/span>\n\t\t\t\t\t\t\t<span class=\"elementor-grid-item\" role=\"listitem\">\n\t\t\t\t\t<a class=\"elementor-icon elementor-social-icon elementor-social-icon-envelope elementor-repeater-item-e2e7458\" href=\"mailto:contact@transitionquality.com\" target=\"_blank\">\n\t\t\t\t\t\t<span class=\"elementor-screen-only\">Envelope<\/span>\n\t\t\t\t\t\t<svg aria-hidden=\"true\" class=\"e-font-icon-svg e-fas-envelope\" viewbox=\"0 0 512 512\" xmlns=\"http:\/\/www.w3.org\/2000\/svg\"><path d=\"M502.3 190.8c3.9-3.1 9.7-.2 9.7 4.7V400c0 26.5-21.5 48-48 48H48c-26.5 0-48-21.5-48-48V195.6c0-5 5.7-7.8 9.7-4.7 22.4 17.4 52.1 39.5 154.1 113.6 21.1 15.4 56.7 47.8 92.2 47.6 35.7.3 72-32.8 92.3-47.6 102-74.1 131.6-96.3 154-113.7zM256 320c23.2.4 56.6-29.2 73.4-41.4 132.7-96.3 142.8-104.7 173.4-128.7 5.8-4.5 9.2-11.5 9.2-18.9v-19c0-26.5-21.5-48-48-48H48C21.5 64 0 85.5 0 112v19c0 7.4 3.4 14.3 9.2 18.9 30.6 23.9 40.7 32.4 173.4 128.7 16.8 12.2 50.2 41.8 73.4 41.4z\"><\/path><\/svg>\t\t\t\t\t<\/a>\n\t\t\t\t<\/span>\n\t\t\t\t\t<\/div>\n\t\t\t\t\t\t<\/div>\n\t\t\t\t<div class=\"elementor-element elementor-element-d691d39 elementor-invisible elementor-widget elementor-widget-heading\" data-id=\"d691d39\" data-element_type=\"widget\" data-e-type=\"widget\" data-settings=\"{&quot;_animation&quot;:&quot;fadeInUp&quot;}\" data-widget_type=\"heading.default\">\n\t\t\t\t\t<h2 class=\"elementor-heading-title elementor-size-default\">FAISONS CONNAISSANCE !<\/h2>\t\t\t\t<\/div>\n\t\t\t\t<\/div>\n\t\t\t\t<\/div>\n\t\t<div class=\"elementor-element elementor-element-2ebb9f6 e-con-full e-flex elementor-invisible e-con e-child\" data-id=\"2ebb9f6\" data-element_type=\"container\" data-e-type=\"container\" data-settings=\"{&quot;animation&quot;:&quot;zoomIn&quot;}\">\n\t\t\t\t<div class=\"elementor-element elementor-element-ebfa58a elementor-widget elementor-widget-everest-forms\" data-id=\"ebfa58a\" data-element_type=\"widget\" data-e-type=\"widget\" data-widget_type=\"everest-forms.default\">\n\t\t\t\t<div class=\"elementor-widget-container\">\n\t\t\t\t\t\t\t\t<div class=\"everest-forms\"><div class=\"evf-container layout-two\" id=\"evf-421\"><form id=\"evf-form-421\" class=\"everest-form\" data-formid=\"421\" data-ajax_submission=\"1\" data-keyboard_friendly_form=\"0\" data-form_state_type=\"\" method=\"post\" enctype=\"multipart\/form-data\" action=\"\/fr\/wp-json\/wp\/v2\/pages\/30\" data-trp-original-action=\"\/fr\/wp-json\/wp\/v2\/pages\/30\"><div class=\"evf-field-container\"><input type=\"hidden\" id=\"_wpnonce421\" name=\"_wpnonce421\" value=\"4719cc5a98\" \/><input type=\"hidden\" name=\"_wp_http_referer\" value=\"\/fr\/wp-json\/wp\/v2\/pages\/30\" \/><div class=\"evf-frontend-row\" data-row=\"row_1\" conditional_rules=\"[]\"><div class=\"evf-frontend-grid evf-grid-2\" data-grid=\"grid_1\"><div id=\"evf-421-field_usBJBuzu2q-1-container\" class=\"evf-field evf-field-first-name form-row validate-required\" data-required-field-message=\"This field is necessary.\" data-field-id=\"usBJBuzu2q-1\"><label class=\"evf-field-label evf-label-hide\" for=\"evf-421-field_usBJBuzu2q-1\"><span class=\"evf-label\">Full name<\/span> <abbr class=\"required\" title=\"N\u00e9cessaire\">*<\/abbr><\/label><input type=\"text\" id=\"evf-421-field_usBJBuzu2q-1\" class=\"input-text\" name=\"everest_forms[form_fields][usBJBuzu2q-1]\" placeholder=\"Votre nom complet\" required><\/div><\/div><div class=\"evf-frontend-grid evf-grid-2\" data-grid=\"grid_2\"><div id=\"evf-421-field_q3aVrhu3kQ-2-container\" class=\"evf-field evf-field-email form-row validate-required validate-email\" data-required-field-message=\"Please enter a valid email address.\" data-field-id=\"q3aVrhu3kQ-2\"><label class=\"evf-field-label evf-label-hide\" for=\"evf-421-field_q3aVrhu3kQ-2\"><span class=\"evf-label\">E-mail<\/span> <abbr class=\"required\" title=\"N\u00e9cessaire\">*<\/abbr><\/label><input type=\"email\" id=\"evf-421-field_q3aVrhu3kQ-2\" class=\"input-text\" name=\"everest_forms[form_fields][q3aVrhu3kQ-2]\" placeholder=\"Votre e-mail\" required><\/div><\/div><\/div><div class=\"evf-frontend-row\" data-row=\"row_2\" conditional_rules=\"[]\"><div class=\"evf-frontend-grid evf-grid-1\" data-grid=\"grid_1\"><div id=\"evf-421-field_kG96m6FWB2-4-container\" class=\"evf-field evf-field-text form-row\" data-field-id=\"kG96m6FWB2-4\"><label class=\"evf-field-label evf-label-hide\" for=\"evf-421-field_kG96m6FWB2-4\"><span class=\"evf-label\">Organisation<\/span> <\/label><input type=\"text\" id=\"evf-421-field_kG96m6FWB2-4\" class=\"input-text\" name=\"everest_forms[form_fields][kG96m6FWB2-4]\" placeholder=\"Organisation\" ><\/div><div id=\"evf-421-field_nnRPsoZ1LN-5-container\" class=\"evf-field evf-field-radio form-row wdynu-radio everest-forms-list-2-columns validate-required\" data-required-field-message=\"This field is necessary.\" data-field-id=\"nnRPsoZ1LN-5\"><label class=\"evf-field-label\" for=\"evf-421-field_nnRPsoZ1LN-5\"><span class=\"evf-label\">O\u00f9 avez-vous besoin de nous ?<\/span> <abbr class=\"required\" title=\"N\u00e9cessaire\">*<\/abbr><\/label><ul id=\"evf-421-field_nnRPsoZ1LN-5\" class=\"evf-field-required\"><li class=\"choice-1 depth-1\"><input type=\"radio\" id=\"evf-421-field_nnRPsoZ1LN-5_1\" class=\"input-text\" name=\"everest_forms[form_fields][nnRPsoZ1LN-5]\" value=\"Customer satisfaction\" required><label class=\"everest-forms-field-label-inline\" for=\"evf-421-field_nnRPsoZ1LN-5_1\">Satisfaction client<\/label><\/li><li class=\"choice-2 depth-1\"><input type=\"radio\" id=\"evf-421-field_nnRPsoZ1LN-5_2\" class=\"input-text\" name=\"everest_forms[form_fields][nnRPsoZ1LN-5]\" value=\"Escalation\/New Business Hold\" required><label class=\"everest-forms-field-label-inline\" for=\"evf-421-field_nnRPsoZ1LN-5_2\">Gestion des escalades \/ Refus de nouveau business<\/label><\/li><li class=\"choice-3 depth-1\"><input type=\"radio\" id=\"evf-421-field_nnRPsoZ1LN-5_3\" class=\"input-text\" name=\"everest_forms[form_fields][nnRPsoZ1LN-5]\" value=\"Audit Preparation\/Recovery\" required><label class=\"everest-forms-field-label-inline\" for=\"evf-421-field_nnRPsoZ1LN-5_3\">Pr\u00e9paration \/ Correction  d\u2019audit<\/label><\/li><li class=\"choice-6 depth-1\"><input type=\"radio\" id=\"evf-421-field_nnRPsoZ1LN-5_6\" class=\"input-text\" name=\"everest_forms[form_fields][nnRPsoZ1LN-5]\" value=\"Transition\/Interim Management\" required><label class=\"everest-forms-field-label-inline\" for=\"evf-421-field_nnRPsoZ1LN-5_6\">Management de transition \/ int\u00e9rim Qualit\u00e9<\/label><\/li><li class=\"choice-5 depth-1\"><input type=\"radio\" id=\"evf-421-field_nnRPsoZ1LN-5_5\" class=\"input-text\" name=\"everest_forms[form_fields][nnRPsoZ1LN-5]\" value=\"Quality Strategy\" required><label class=\"everest-forms-field-label-inline\" for=\"evf-421-field_nnRPsoZ1LN-5_5\">Strat\u00e9gie qualit\u00e9<\/label><\/li><li class=\"choice-4 depth-1\"><input type=\"radio\" id=\"evf-421-field_nnRPsoZ1LN-5_4\" class=\"input-text\" name=\"everest_forms[form_fields][nnRPsoZ1LN-5]\" value=\"Problem Solving\" required><label class=\"everest-forms-field-label-inline\" for=\"evf-421-field_nnRPsoZ1LN-5_4\">D\u00e9ployer une culture de pr\u00e9vention &amp;<\/label><\/li><li class=\"choice-8 depth-1\"><input type=\"radio\" id=\"evf-421-field_nnRPsoZ1LN-5_8\" class=\"input-text\" name=\"everest_forms[form_fields][nnRPsoZ1LN-5]\" value=\"Non Quality Costs\" required><label class=\"everest-forms-field-label-inline\" for=\"evf-421-field_nnRPsoZ1LN-5_8\">Co\u00fbts li\u00e9s \u00e0 la non-qualit\u00e9<\/label><\/li><li class=\"choice-7 depth-1\"><input type=\"radio\" id=\"evf-421-field_nnRPsoZ1LN-5_7\" class=\"input-text\" name=\"everest_forms[form_fields][nnRPsoZ1LN-5]\" value=\"Safe Launch\" required><label class=\"everest-forms-field-label-inline\" for=\"evf-421-field_nnRPsoZ1LN-5_7\">Lancement nouveaux programmes s\u00e9curis\u00e9<\/label><\/li><li class=\"choice-9 depth-1\"><input type=\"radio\" id=\"evf-421-field_nnRPsoZ1LN-5_9\" class=\"input-text\" name=\"everest_forms[form_fields][nnRPsoZ1LN-5]\" value=\"Other\" required><label class=\"everest-forms-field-label-inline\" for=\"evf-421-field_nnRPsoZ1LN-5_9\">Autre<\/label><\/li><\/ul><\/div><\/div><\/div><\/div><div class=\"evf-honeypot-container evf-field-hp\"><label for=\"evf-421-field-hp\" class=\"evf-field-label\">Comment<\/label><input type=\"text\" name=\"everest_forms[hp]\" id=\"evf-421-field-hp\" class=\"input-text\"><\/div><div class=\"evf-submit-container\" ><input type=\"hidden\" name=\"everest_forms[id]\" value=\"421\"><input type=\"hidden\" name=\"everest_forms[author]\" value=\"1\"><button type='submit' name='everest_forms[submit]' class='everest-forms-submit-button button evf-submit' id='evf-submit-421' value='evf-submit' data-process-text=\"\u2026\" conditional_rules='&quot;&quot;' conditional_id='evf-submit-421'  aria-live=\"assertive\">Envoyer<\/button><\/div><input type=\"hidden\" name=\"trp-form-language\" value=\"fr\"\/><\/form><\/div><!-- .evf-container --><\/div>\t\t\t\t\t\t<\/div>\n\t\t\t\t<\/div>\n\t\t\t\t<\/div>\n\t\t\t\t\t<\/div>\n\t\t\t\t<\/div>\n\t\t<div class=\"elementor-element elementor-element-a12b455 e-flex e-con-boxed e-con e-parent\" data-id=\"a12b455\" data-element_type=\"container\" data-e-type=\"container\">\n\t\t\t\t\t<div class=\"e-con-inner\">\n\t\t\t\t<div class=\"elementor-element elementor-element-67db364 elementor-widget elementor-widget-spacer\" data-id=\"67db364\" data-element_type=\"widget\" data-e-type=\"widget\" data-widget_type=\"spacer.default\">\n\t\t\t\t\t\t\t<div class=\"elementor-spacer\">\n\t\t\t<div class=\"elementor-spacer-inner\"><\/div>\n\t\t<\/div>\n\t\t\t\t\t\t<\/div>\n\t\t\t\t\t<\/div>\n\t\t\t\t<\/div>\n\t\t\t\t<\/div>","protected":false},"excerpt":{"rendered":"<p>Transform Your Quality ManagemenT We look forward to discussing how we can support your organization in achieving sustainable performance improvements HOW DOES IT WORK? Simple process to connect and act where\/when you need us. Get-to-know Meeting Contract Alignment Mission Kick-off Execution &amp;Monitoring ProgressReviews Delivery &amp;Transition Linkedin Envelope LET&#8217;S GET TO KNOW! Full name *E-mail *Organization [&hellip;]<\/p>","protected":false},"author":1,"featured_media":0,"parent":0,"menu_order":0,"comment_status":"closed","ping_status":"closed","template":"","meta":{"footnotes":""},"class_list":["post-30","page","type-page","status-publish","hentry"],"blocksy_meta":[],"_hostinger_reach_plugin_has_subscription_block":false,"_hostinger_reach_plugin_is_elementor":false,"_links":{"self":[{"href":"https:\/\/transitionquality.com\/fr\/wp-json\/wp\/v2\/pages\/30","targetHints":{"allow":["GET"]}}],"collection":[{"href":"https:\/\/transitionquality.com\/fr\/wp-json\/wp\/v2\/pages"}],"about":[{"href":"https:\/\/transitionquality.com\/fr\/wp-json\/wp\/v2\/types\/page"}],"author":[{"embeddable":true,"href":"https:\/\/transitionquality.com\/fr\/wp-json\/wp\/v2\/users\/1"}],"replies":[{"embeddable":true,"href":"https:\/\/transitionquality.com\/fr\/wp-json\/wp\/v2\/comments?post=30"}],"version-history":[{"count":105,"href":"https:\/\/transitionquality.com\/fr\/wp-json\/wp\/v2\/pages\/30\/revisions"}],"predecessor-version":[{"id":1399,"href":"https:\/\/transitionquality.com\/fr\/wp-json\/wp\/v2\/pages\/30\/revisions\/1399"}],"wp:attachment":[{"href":"https:\/\/transitionquality.com\/fr\/wp-json\/wp\/v2\/media?parent=30"}],"curies":[{"name":"wp","href":"https:\/\/api.w.org\/{rel}","templated":true}]}}